{"id":8028,"date":"2025-11-18T08:56:10","date_gmt":"2025-11-18T07:56:10","guid":{"rendered":"https:\/\/accountview.dk\/?page_id=8028"},"modified":"2025-11-18T08:58:13","modified_gmt":"2025-11-18T07:58:13","slug":"guides-6","status":"publish","type":"page","link":"https:\/\/accountview.dk\/en\/guides-6\/","title":{"rendered":"Guides"},"content":{"rendered":"\t\t<div data-elementor-type=\"wp-page\" data-elementor-id=\"8028\" class=\"elementor elementor-8028 elementor-8027\" data-elementor-post-type=\"page\">\n\t\t\t\t<div class=\"elementor-element elementor-element-51a55fb e-flex e-con-boxed e-con e-parent\" data-id=\"51a55fb\" data-element_type=\"container\" data-e-type=\"container\" data-settings=\"{&quot;background_background&quot;:&quot;classic&quot;}\">\n\t\t\t\t\t<div class=\"e-con-inner\">\n\t\t<div class=\"elementor-element elementor-element-0f98955 e-con-full e-flex e-con e-child\" data-id=\"0f98955\" data-element_type=\"container\" data-e-type=\"container\">\n\t\t\t\t<div class=\"elementor-element elementor-element-760bfe5 elementor-invisible elementor-widget elementor-widget-heading\" data-id=\"760bfe5\" data-element_type=\"widget\" data-e-type=\"widget\" data-settings=\"{&quot;_animation&quot;:&quot;fadeIn&quot;}\" data-widget_type=\"heading.default\">\n\t\t\t\t<div class=\"elementor-widget-container\">\n\t\t\t\t\t<h1 class=\"elementor-heading-title elementor-size-default\">Guides that provide an overview<\/h1>\t\t\t\t<\/div>\n\t\t\t\t<\/div>\n\t\t\t\t<div class=\"elementor-element elementor-element-93329dd elementor-invisible elementor-widget elementor-widget-heading\" data-id=\"93329dd\" data-element_type=\"widget\" data-e-type=\"widget\" data-settings=\"{&quot;_animation&quot;:&quot;fadeIn&quot;}\" data-widget_type=\"heading.default\">\n\t\t\t\t<div class=\"elementor-widget-container\">\n\t\t\t\t\t<h2 class=\"elementor-heading-title elementor-size-default\">We've gathered what's good to know when you work with us.<\/h2>\t\t\t\t<\/div>\n\t\t\t\t<\/div>\n\t\t\t\t<\/div>\n\t\t\t\t\t<\/div>\n\t\t\t\t<\/div>\n\t\t<div class=\"elementor-element elementor-element-66ccbc9 e-flex e-con-boxed e-con e-parent\" data-id=\"66ccbc9\" data-element_type=\"container\" data-e-type=\"container\">\n\t\t\t\t\t<div class=\"e-con-inner\">\n\t\t<div class=\"elementor-element elementor-element-4891a42 e-con-full e-flex e-con e-child\" data-id=\"4891a42\" data-element_type=\"container\" data-e-type=\"container\">\n\t\t<div class=\"elementor-element elementor-element-071c825 e-con-full e-flex e-con e-child\" data-id=\"071c825\" data-element_type=\"container\" data-e-type=\"container\">\n\t\t\t\t<div class=\"elementor-element elementor-element-0e480c8 elementor-widget elementor-widget-heading\" data-id=\"0e480c8\" data-element_type=\"widget\" data-e-type=\"widget\" data-widget_type=\"heading.default\">\n\t\t\t\t<div class=\"elementor-widget-container\">\n\t\t\t\t\t<h2 class=\"elementor-heading-title elementor-size-default\">\u00c5rsrapporter<\/h2>\t\t\t\t<\/div>\n\t\t\t\t<\/div>\n\t\t\t\t<div class=\"elementor-element elementor-element-9252d53 elementor-widget elementor-widget-text-editor\" data-id=\"9252d53\" data-element_type=\"widget\" data-e-type=\"widget\" data-widget_type=\"text-editor.default\">\n\t\t\t\t<div class=\"elementor-widget-container\">\n\t\t\t\t\t\t\t\t\t<p>N\u00e5r vi laver din \u00e5rsrapport, kan du trygt l\u00e6ne dig tilbage. Vi s\u00f8rger for korrekt indberetning til Erhvervsstyrelsen og overholdelse af deadlines, samtidig med at du har en fast kontaktperson, der guider dig hele vejen.<\/p>\t\t\t\t\t\t\t\t<\/div>\n\t\t\t\t<\/div>\n\t\t\t\t<div class=\"elementor-element elementor-element-b0a8785 elementor-align-center elementor-widget elementor-widget-button\" data-id=\"b0a8785\" data-element_type=\"widget\" data-e-type=\"widget\" data-widget_type=\"button.default\">\n\t\t\t\t<div class=\"elementor-widget-container\">\n\t\t\t\t\t\t\t\t\t<div class=\"elementor-button-wrapper\">\n\t\t\t\t\t<a class=\"elementor-button elementor-button-link elementor-size-sm\" href=\"https:\/\/accountview.dk\/en\/annual-reports\/\">\n\t\t\t\t\t\t<span class=\"elementor-button-content-wrapper\">\n\t\t\t\t\t\t\t\t\t<span class=\"elementor-button-text\">F\u00e5 styr p\u00e5 din \u00e5rsrapport<\/span>\n\t\t\t\t\t<\/span>\n\t\t\t\t\t<\/a>\n\t\t\t\t<\/div>\n\t\t\t\t\t\t\t\t<\/div>\n\t\t\t\t<\/div>\n\t\t\t\t<\/div>\n\t\t<div class=\"elementor-element elementor-element-3e390c3 e-con-full e-flex e-con e-child\" data-id=\"3e390c3\" data-element_type=\"container\" data-e-type=\"container\">\n\t\t\t\t<div class=\"elementor-element elementor-element-c10d049 elementor-widget elementor-widget-heading\" data-id=\"c10d049\" data-element_type=\"widget\" data-e-type=\"widget\" data-widget_type=\"heading.default\">\n\t\t\t\t<div class=\"elementor-widget-container\">\n\t\t\t\t\t<h3 class=\"elementor-heading-title elementor-size-default\">Vi s\u00f8rger for<\/h3>\t\t\t\t<\/div>\n\t\t\t\t<\/div>\n\t\t\t\t<div class=\"elementor-element elementor-element-77f6931 elementor-widget elementor-widget-text-editor\" data-id=\"77f6931\" data-element_type=\"widget\" data-e-type=\"widget\" data-widget_type=\"text-editor.default\">\n\t\t\t\t<div class=\"elementor-widget-container\">\n\t\t\t\t\t\t\t\t\t<ul><li>Korrekt indberetning til Erhvervsstyrelsen<\/li><li>Digital signering<\/li><li>Overholdelse af deadlines<\/li><li>Sambeskatning ved flere selskaber<\/li><li>Klar struktur og gennemsigtighed<\/li><li>Fast kontaktperson hele vejen<\/li><\/ul>\t\t\t\t\t\t\t\t<\/div>\n\t\t\t\t<\/div>\n\t\t\t\t<\/div>\n\t\t\t\t<\/div>\n\t\t\t\t\t<\/div>\n\t\t\t\t<\/div>\n\t\t<div class=\"elementor-element elementor-element-6c9276f e-flex e-con-boxed e-con e-parent\" data-id=\"6c9276f\" data-element_type=\"container\" data-e-type=\"container\" data-settings=\"{&quot;background_background&quot;:&quot;classic&quot;}\">\n\t\t\t\t\t<div class=\"e-con-inner\">\n\t\t<div class=\"elementor-element elementor-element-3e16f6c e-con-full e-flex e-con e-child\" data-id=\"3e16f6c\" data-element_type=\"container\" data-e-type=\"container\">\n\t\t<div class=\"elementor-element elementor-element-67985d3 e-con-full e-flex e-con e-child\" data-id=\"67985d3\" data-element_type=\"container\" data-e-type=\"container\">\n\t\t\t\t<div class=\"elementor-element elementor-element-6cfabd6 elementor-widget elementor-widget-heading\" data-id=\"6cfabd6\" data-element_type=\"widget\" data-e-type=\"widget\" data-widget_type=\"heading.default\">\n\t\t\t\t<div class=\"elementor-widget-container\">\n\t\t\t\t\t<h2 class=\"elementor-heading-title elementor-size-default\">Bogf\u00f8ring<\/h2>\t\t\t\t<\/div>\n\t\t\t\t<\/div>\n\t\t\t\t<div class=\"elementor-element elementor-element-ad50d3d elementor-widget elementor-widget-text-editor\" data-id=\"ad50d3d\" data-element_type=\"widget\" data-e-type=\"widget\" data-widget_type=\"text-editor.default\">\n\t\t\t\t<div class=\"elementor-widget-container\">\n\t\t\t\t\t\t\t\t\t<p>Vi tager h\u00e5nd om din bogf\u00f8ring, s\u00e5 du kan fokusere p\u00e5 din virksomhed. Alt bliver h\u00e5ndteret korrekt og overskueligt, og du har altid en fast kontaktperson, der sikrer, at du f\u00f8ler dig tryg hele vejen.<\/p>\t\t\t\t\t\t\t\t<\/div>\n\t\t\t\t<\/div>\n\t\t\t\t<div class=\"elementor-element elementor-element-a294536 elementor-align-center elementor-widget elementor-widget-button\" data-id=\"a294536\" data-element_type=\"widget\" data-e-type=\"widget\" data-widget_type=\"button.default\">\n\t\t\t\t<div class=\"elementor-widget-container\">\n\t\t\t\t\t\t\t\t\t<div class=\"elementor-button-wrapper\">\n\t\t\t\t\t<a class=\"elementor-button elementor-button-link elementor-size-sm\" href=\"https:\/\/accountview.dk\/en\/accounting-packages\/\">\n\t\t\t\t\t\t<span class=\"elementor-button-content-wrapper\">\n\t\t\t\t\t\t\t\t\t<span class=\"elementor-button-text\">Lad os h\u00e5ndtere bogf\u00f8ringen<\/span>\n\t\t\t\t\t<\/span>\n\t\t\t\t\t<\/a>\n\t\t\t\t<\/div>\n\t\t\t\t\t\t\t\t<\/div>\n\t\t\t\t<\/div>\n\t\t\t\t<\/div>\n\t\t<div class=\"elementor-element elementor-element-e029178 e-con-full e-flex e-con e-child\" data-id=\"e029178\" data-element_type=\"container\" data-e-type=\"container\">\n\t\t\t\t<div class=\"elementor-element elementor-element-44ff6d6 elementor-widget elementor-widget-heading\" data-id=\"44ff6d6\" data-element_type=\"widget\" data-e-type=\"widget\" data-widget_type=\"heading.default\">\n\t\t\t\t<div class=\"elementor-widget-container\">\n\t\t\t\t\t<h3 class=\"elementor-heading-title elementor-size-default\">Vi sikrer korrekt afstemning af<\/h3>\t\t\t\t<\/div>\n\t\t\t\t<\/div>\n\t\t\t\t<div class=\"elementor-element elementor-element-3927801 elementor-widget elementor-widget-text-editor\" data-id=\"3927801\" data-element_type=\"widget\" data-e-type=\"widget\" data-widget_type=\"text-editor.default\">\n\t\t\t\t<div class=\"elementor-widget-container\">\n\t\t\t\t\t\t\t\t\t<ul><li>Bank<\/li><li>L\u00f8n<\/li><li>Balanceposter<\/li><li>Moms<\/li><li>Kreditorer<\/li><li>Debitorer<\/li><\/ul>\t\t\t\t\t\t\t\t<\/div>\n\t\t\t\t<\/div>\n\t\t\t\t<\/div>\n\t\t\t\t<\/div>\n\t\t\t\t\t<\/div>\n\t\t\t\t<\/div>\n\t\t<div class=\"elementor-element elementor-element-48cd6a6 e-flex e-con-boxed e-con e-parent\" data-id=\"48cd6a6\" data-element_type=\"container\" data-e-type=\"container\">\n\t\t\t\t\t<div class=\"e-con-inner\">\n\t\t<div class=\"elementor-element elementor-element-bb840ae e-con-full e-flex e-con e-child\" data-id=\"bb840ae\" data-element_type=\"container\" data-e-type=\"container\">\n\t\t<div class=\"elementor-element elementor-element-b8bea49 e-con-full e-flex e-con e-child\" data-id=\"b8bea49\" data-element_type=\"container\" data-e-type=\"container\">\n\t\t\t\t<div class=\"elementor-element elementor-element-c55de75 elementor-widget elementor-widget-heading\" data-id=\"c55de75\" data-element_type=\"widget\" data-e-type=\"widget\" data-widget_type=\"heading.default\">\n\t\t\t\t<div class=\"elementor-widget-container\">\n\t\t\t\t\t<h2 class=\"elementor-heading-title elementor-size-default\">Selskabsstiftelse<\/h2>\t\t\t\t<\/div>\n\t\t\t\t<\/div>\n\t\t\t\t<div class=\"elementor-element elementor-element-f1e7fee elementor-widget elementor-widget-text-editor\" data-id=\"f1e7fee\" data-element_type=\"widget\" data-e-type=\"widget\" data-widget_type=\"text-editor.default\">\n\t\t\t\t<div class=\"elementor-widget-container\">\n\t\t\t\t\t\t\t\t\t<p>Uanset om det er dit f\u00f8rste, eller endnu et til portef\u00f8ljen, s\u00e5 hj\u00e6lper vi dig hurtigt og sikkert gennem processen, med r\u00e5dgivning fra A til \u00c5. Udfyld blot vores formular, s\u00e5 tager vi os af resten.<\/p>\t\t\t\t\t\t\t\t<\/div>\n\t\t\t\t<\/div>\n\t\t\t\t<div class=\"elementor-element elementor-element-8ce87f7 elementor-align-center elementor-widget elementor-widget-button\" data-id=\"8ce87f7\" data-element_type=\"widget\" data-e-type=\"widget\" data-widget_type=\"button.default\">\n\t\t\t\t<div class=\"elementor-widget-container\">\n\t\t\t\t\t\t\t\t\t<div class=\"elementor-button-wrapper\">\n\t\t\t\t\t<a class=\"elementor-button elementor-button-link elementor-size-sm\" href=\"https:\/\/accountview.dk\/en\/company-foundation\/\">\n\t\t\t\t\t\t<span class=\"elementor-button-content-wrapper\">\n\t\t\t\t\t\t\t\t\t<span class=\"elementor-button-text\">Stift selskab hurtigt og sikkert<\/span>\n\t\t\t\t\t<\/span>\n\t\t\t\t\t<\/a>\n\t\t\t\t<\/div>\n\t\t\t\t\t\t\t\t<\/div>\n\t\t\t\t<\/div>\n\t\t\t\t<\/div>\n\t\t<div class=\"elementor-element elementor-element-a0bbcdb e-con-full e-flex e-con e-child\" data-id=\"a0bbcdb\" data-element_type=\"container\" data-e-type=\"container\">\n\t\t\t\t<div class=\"elementor-element elementor-element-c32fa1d elementor-widget elementor-widget-heading\" data-id=\"c32fa1d\" data-element_type=\"widget\" data-e-type=\"widget\" data-widget_type=\"heading.default\">\n\t\t\t\t<div class=\"elementor-widget-container\">\n\t\t\t\t\t<h3 class=\"elementor-heading-title elementor-size-default\">Kom nemt i gang:<\/h3>\t\t\t\t<\/div>\n\t\t\t\t<\/div>\n\t\t\t\t<div class=\"elementor-element elementor-element-964979e elementor-widget elementor-widget-text-editor\" data-id=\"964979e\" data-element_type=\"widget\" data-e-type=\"widget\" data-widget_type=\"text-editor.default\">\n\t\t\t\t<div class=\"elementor-widget-container\">\n\t\t\t\t\t\t\t\t\t<ol><li>Udfyld formular<\/li><li>Accountview stifter dit selskab<\/li><li>Banken bekr\u00e6fter selskabskapital<\/li><li>Selskabet konto er klar<\/li><li>Dit selskab er oprettet<\/li><\/ol>\t\t\t\t\t\t\t\t<\/div>\n\t\t\t\t<\/div>\n\t\t\t\t<\/div>\n\t\t\t\t<\/div>\n\t\t\t\t\t<\/div>\n\t\t\t\t<\/div>\n\t\t<div class=\"elementor-element elementor-element-eb89b94 e-flex e-con-boxed e-con e-parent\" data-id=\"eb89b94\" data-element_type=\"container\" data-e-type=\"container\" data-settings=\"{&quot;background_background&quot;:&quot;classic&quot;}\">\n\t\t\t\t\t<div class=\"e-con-inner\">\n\t\t<div class=\"elementor-element elementor-element-2144ebd e-con-full e-flex e-con e-child\" data-id=\"2144ebd\" data-element_type=\"container\" data-e-type=\"container\">\n\t\t<div class=\"elementor-element elementor-element-ba712ae e-con-full e-flex e-con e-child\" data-id=\"ba712ae\" data-element_type=\"container\" data-e-type=\"container\">\n\t\t\t\t<div class=\"elementor-element elementor-element-19dd390 elementor-widget elementor-widget-heading\" data-id=\"19dd390\" data-element_type=\"widget\" data-e-type=\"widget\" data-widget_type=\"heading.default\">\n\t\t\t\t<div class=\"elementor-widget-container\">\n\t\t\t\t\t<h2 class=\"elementor-heading-title elementor-size-default\">R\u00e5dgivning<\/h2>\t\t\t\t<\/div>\n\t\t\t\t<\/div>\n\t\t\t\t<div class=\"elementor-element elementor-element-ff28c0b elementor-widget elementor-widget-text-editor\" data-id=\"ff28c0b\" data-element_type=\"widget\" data-e-type=\"widget\" data-widget_type=\"text-editor.default\">\n\t\t\t\t<div class=\"elementor-widget-container\">\n\t\t\t\t\t\t\t\t\t<p>Ring eller skriv n\u00e5r du har sp\u00f8rgsm\u00e5l. Regnskab, skat og moms bliver ikke sp\u00e6ndende hos Accountview, til geng\u00e6ld lover vi at du forst\u00e5r det, s\u00e5 du kan handle korrekt og i tide.<\/p>\t\t\t\t\t\t\t\t<\/div>\n\t\t\t\t<\/div>\n\t\t\t\t<div class=\"elementor-element elementor-element-28129b9 elementor-align-center elementor-widget elementor-widget-button\" data-id=\"28129b9\" data-element_type=\"widget\" data-e-type=\"widget\" data-widget_type=\"button.default\">\n\t\t\t\t<div class=\"elementor-widget-container\">\n\t\t\t\t\t\t\t\t\t<div class=\"elementor-button-wrapper\">\n\t\t\t\t\t<a class=\"elementor-button elementor-button-link elementor-size-sm\" href=\"https:\/\/accountview.dk\/en\/annual-reports-12\/\">\n\t\t\t\t\t\t<span class=\"elementor-button-content-wrapper\">\n\t\t\t\t\t\t\t\t\t<span class=\"elementor-button-text\">Tal med os<\/span>\n\t\t\t\t\t<\/span>\n\t\t\t\t\t<\/a>\n\t\t\t\t<\/div>\n\t\t\t\t\t\t\t\t<\/div>\n\t\t\t\t<\/div>\n\t\t\t\t<\/div>\n\t\t<div class=\"elementor-element elementor-element-b8879cd e-con-full e-flex e-con e-child\" data-id=\"b8879cd\" data-element_type=\"container\" data-e-type=\"container\">\n\t\t\t\t<div class=\"elementor-element elementor-element-8c46483 elementor-widget elementor-widget-heading\" data-id=\"8c46483\" data-element_type=\"widget\" data-e-type=\"widget\" data-widget_type=\"heading.default\">\n\t\t\t\t<div class=\"elementor-widget-container\">\n\t\t\t\t\t<h3 class=\"elementor-heading-title elementor-size-default\">Med Accountview som r\u00e5dgiver f\u00e5r du<\/h3>\t\t\t\t<\/div>\n\t\t\t\t<\/div>\n\t\t\t\t<div class=\"elementor-element elementor-element-f926459 elementor-widget elementor-widget-text-editor\" data-id=\"f926459\" data-element_type=\"widget\" data-e-type=\"widget\" data-widget_type=\"text-editor.default\">\n\t\t\t\t<div class=\"elementor-widget-container\">\n\t\t\t\t\t\t\t\t\t<ul><li>En fast r\u00e5dgiver, der kender dig og dine behov<\/li><li>Hurtigt svar: Vi svarer p\u00e5 92 % af e-mails inden for 24 timer<\/li><li>Eksperter i dit bogf\u00f8ringsprogram: Billy, e-conomic og Dinero<\/li><li>Hj\u00e6lp med at overholde deadlines, s\u00e5 du ikke skal huske dem selv<\/li><li>Et t\u00e6t forhold: 94 % af vores kunder bliver hos os i mere end 5 \u00e5r<\/li><\/ul>\t\t\t\t\t\t\t\t<\/div>\n\t\t\t\t<\/div>\n\t\t\t\t<\/div>\n\t\t\t\t<\/div>\n\t\t\t\t\t<\/div>\n\t\t\t\t<\/div>\n\t\t\t\t<\/div>\n\t\t","protected":false},"excerpt":{"rendered":"<p>Guides that provide an overview We&#8217;ve gathered what&#8217;s good to know when you work with us. \u00c5rsrapporter N\u00e5r vi laver din \u00e5rsrapport, kan du trygt l\u00e6ne dig tilbage. Vi s\u00f8rger for korrekt indberetning til Erhvervsstyrelsen og overholdelse af deadlines, samtidig med at du har en fast kontaktperson, der guider dig hele vejen. F\u00e5 styr p\u00e5 [&hellip;]<\/p>\n","protected":false},"author":2,"featured_media":0,"parent":0,"menu_order":0,"comment_status":"closed","ping_status":"closed","template":"","meta":{"_acf_changed":false,"footnotes":""},"class_list":["post-8028","page","type-page","status-publish","hentry"],"acf":[],"yoast_head":"<!-- This site is optimized with the Yoast SEO plugin v27.5 - https:\/\/yoast.com\/product\/yoast-seo-wordpress\/ -->\n<title>Guides - Accountview<\/title>\n<meta name=\"robots\" content=\"index, follow, max-snippet:-1, max-image-preview:large, max-video-preview:-1\" \/>\n<link rel=\"canonical\" href=\"https:\/\/accountview.dk\/en\/guides-6\/\" \/>\n<meta property=\"og:locale\" content=\"en_GB\" \/>\n<meta property=\"og:type\" content=\"article\" \/>\n<meta property=\"og:title\" content=\"Guides - Accountview\" \/>\n<meta property=\"og:description\" content=\"Guides that provide an overview We&#8217;ve gathered what&#8217;s good to know when you work with us. \u00c5rsrapporter N\u00e5r vi laver din \u00e5rsrapport, kan du trygt l\u00e6ne dig tilbage. Vi s\u00f8rger for korrekt indberetning til Erhvervsstyrelsen og overholdelse af deadlines, samtidig med at du har en fast kontaktperson, der guider dig hele vejen. F\u00e5 styr p\u00e5 [&hellip;]\" \/>\n<meta property=\"og:url\" content=\"https:\/\/accountview.dk\/en\/guides-6\/\" \/>\n<meta property=\"og:site_name\" content=\"Accountview\" \/>\n<meta property=\"article:modified_time\" content=\"2025-11-18T07:58:13+00:00\" \/>\n<meta name=\"twitter:card\" content=\"summary_large_image\" \/>\n<meta name=\"twitter:label1\" content=\"Estimated reading time\" \/>\n\t<meta name=\"twitter:data1\" content=\"1 minute\" \/>\n<script type=\"application\/ld+json\" class=\"yoast-schema-graph\">{\"@context\":\"https:\\\/\\\/schema.org\",\"@graph\":[{\"@type\":\"WebPage\",\"@id\":\"https:\\\/\\\/accountview.dk\\\/en\\\/guides-6\\\/\",\"url\":\"https:\\\/\\\/accountview.dk\\\/en\\\/guides-6\\\/\",\"name\":\"Guides - Accountview\",\"isPartOf\":{\"@id\":\"https:\\\/\\\/accountview.dk\\\/en\\\/#website\"},\"datePublished\":\"2025-11-18T07:56:10+00:00\",\"dateModified\":\"2025-11-18T07:58:13+00:00\",\"inLanguage\":\"en-GB\",\"potentialAction\":[{\"@type\":\"ReadAction\",\"target\":[\"https:\\\/\\\/accountview.dk\\\/en\\\/guides-6\\\/\"]}]},{\"@type\":\"WebSite\",\"@id\":\"https:\\\/\\\/accountview.dk\\\/en\\\/#website\",\"url\":\"https:\\\/\\\/accountview.dk\\\/en\\\/\",\"name\":\"Accountview\",\"description\":\"\",\"publisher\":{\"@id\":\"https:\\\/\\\/accountview.dk\\\/en\\\/#organization\"},\"potentialAction\":[{\"@type\":\"SearchAction\",\"target\":{\"@type\":\"EntryPoint\",\"urlTemplate\":\"https:\\\/\\\/accountview.dk\\\/en\\\/?s={search_term_string}\"},\"query-input\":{\"@type\":\"PropertyValueSpecification\",\"valueRequired\":true,\"valueName\":\"search_term_string\"}}],\"inLanguage\":\"en-GB\"},{\"@type\":\"Organization\",\"@id\":\"https:\\\/\\\/accountview.dk\\\/en\\\/#organization\",\"name\":\"Accountview\",\"url\":\"https:\\\/\\\/accountview.dk\\\/en\\\/\",\"logo\":{\"@type\":\"ImageObject\",\"inLanguage\":\"en-GB\",\"@id\":\"https:\\\/\\\/accountview.dk\\\/en\\\/#\\\/schema\\\/logo\\\/image\\\/\",\"url\":\"https:\\\/\\\/accountview.dk\\\/wp-content\\\/uploads\\\/Accountview_Logo_transperans.png\",\"contentUrl\":\"https:\\\/\\\/accountview.dk\\\/wp-content\\\/uploads\\\/Accountview_Logo_transperans.png\",\"width\":1200,\"height\":150,\"caption\":\"Accountview\"},\"image\":{\"@id\":\"https:\\\/\\\/accountview.dk\\\/en\\\/#\\\/schema\\\/logo\\\/image\\\/\"}}]}<\/script>\n<!-- \/ Yoast SEO plugin. -->","yoast_head_json":{"title":"Guides - Accountview","robots":{"index":"index","follow":"follow","max-snippet":"max-snippet:-1","max-image-preview":"max-image-preview:large","max-video-preview":"max-video-preview:-1"},"canonical":"https:\/\/accountview.dk\/en\/guides-6\/","og_locale":"en_GB","og_type":"article","og_title":"Guides - Accountview","og_description":"Guides that provide an overview We&#8217;ve gathered what&#8217;s good to know when you work with us. \u00c5rsrapporter N\u00e5r vi laver din \u00e5rsrapport, kan du trygt l\u00e6ne dig tilbage. Vi s\u00f8rger for korrekt indberetning til Erhvervsstyrelsen og overholdelse af deadlines, samtidig med at du har en fast kontaktperson, der guider dig hele vejen. F\u00e5 styr p\u00e5 [&hellip;]","og_url":"https:\/\/accountview.dk\/en\/guides-6\/","og_site_name":"Accountview","article_modified_time":"2025-11-18T07:58:13+00:00","twitter_card":"summary_large_image","twitter_misc":{"Estimated reading time":"1 minute"},"schema":{"@context":"https:\/\/schema.org","@graph":[{"@type":"WebPage","@id":"https:\/\/accountview.dk\/en\/guides-6\/","url":"https:\/\/accountview.dk\/en\/guides-6\/","name":"Guides - Accountview","isPartOf":{"@id":"https:\/\/accountview.dk\/en\/#website"},"datePublished":"2025-11-18T07:56:10+00:00","dateModified":"2025-11-18T07:58:13+00:00","inLanguage":"en-GB","potentialAction":[{"@type":"ReadAction","target":["https:\/\/accountview.dk\/en\/guides-6\/"]}]},{"@type":"WebSite","@id":"https:\/\/accountview.dk\/en\/#website","url":"https:\/\/accountview.dk\/en\/","name":"Accountview","description":"","publisher":{"@id":"https:\/\/accountview.dk\/en\/#organization"},"potentialAction":[{"@type":"SearchAction","target":{"@type":"EntryPoint","urlTemplate":"https:\/\/accountview.dk\/en\/?s={search_term_string}"},"query-input":{"@type":"PropertyValueSpecification","valueRequired":true,"valueName":"search_term_string"}}],"inLanguage":"en-GB"},{"@type":"Organization","@id":"https:\/\/accountview.dk\/en\/#organization","name":"Accountview","url":"https:\/\/accountview.dk\/en\/","logo":{"@type":"ImageObject","inLanguage":"en-GB","@id":"https:\/\/accountview.dk\/en\/#\/schema\/logo\/image\/","url":"https:\/\/accountview.dk\/wp-content\/uploads\/Accountview_Logo_transperans.png","contentUrl":"https:\/\/accountview.dk\/wp-content\/uploads\/Accountview_Logo_transperans.png","width":1200,"height":150,"caption":"Accountview"},"image":{"@id":"https:\/\/accountview.dk\/en\/#\/schema\/logo\/image\/"}}]}},"_links":{"self":[{"href":"https:\/\/accountview.dk\/en\/wp-json\/wp\/v2\/pages\/8028","targetHints":{"allow":["GET"]}}],"collection":[{"href":"https:\/\/accountview.dk\/en\/wp-json\/wp\/v2\/pages"}],"about":[{"href":"https:\/\/accountview.dk\/en\/wp-json\/wp\/v2\/types\/page"}],"author":[{"embeddable":true,"href":"https:\/\/accountview.dk\/en\/wp-json\/wp\/v2\/users\/2"}],"replies":[{"embeddable":true,"href":"https:\/\/accountview.dk\/en\/wp-json\/wp\/v2\/comments?post=8028"}],"version-history":[{"count":3,"href":"https:\/\/accountview.dk\/en\/wp-json\/wp\/v2\/pages\/8028\/revisions"}],"predecessor-version":[{"id":8035,"href":"https:\/\/accountview.dk\/en\/wp-json\/wp\/v2\/pages\/8028\/revisions\/8035"}],"wp:attachment":[{"href":"https:\/\/accountview.dk\/en\/wp-json\/wp\/v2\/media?parent=8028"}],"curies":[{"name":"wp","href":"https:\/\/api.w.org\/{rel}","templated":true}]}}